{"id":10,"date":"2020-12-19T08:01:25","date_gmt":"2020-12-19T08:01:25","guid":{"rendered":"http:\/\/coguna.de\/?page_id=10"},"modified":"2021-02-24T17:56:55","modified_gmt":"2021-02-24T17:56:55","slug":"leistungen","status":"publish","type":"page","link":"https:\/\/coguna.de\/?page_id=10","title":{"rendered":"Leistungen"},"content":{"rendered":"\n<h2 class=\"wp-block-heading\">Leistungen<\/h2>\n\n\n\n<h2 class=\"wp-block-heading\">Websites \/ eCommerce<\/h2>\n\n\n\n<p>Pr\u00e4sentieren Sie sich verkaufsf\u00f6rdernd im Internet. Zeigen Sie die St\u00e4rken Ihres Unternehmens in Wort und Bild. Die eigene Website wird immer mehr zum Aush\u00e4ngeschild Ihres Unternehmens. Starten Sie mit einen professionellen Internetauftritt, fair und anspruchsvoll.<br>Sie wollen mit Ihrem Unternehmen ins Internet. Wir zeigen Ihnen den Weg.<\/p>\n\n\n\n<h2 class=\"wp-block-heading\">IT-Sicherheit<\/h2>\n\n\n\n<p>Heutzutage arbeitet fast jedes Unternehmen mit Computer. Funktionen wie E-Mail und Internet sind mittlerweile selbstverst\u00e4ndlich. Getrieben durch den st\u00e4ndigen Wettbewerb und Zeitdruck, hat dies zur Folge, dass Themen wie Erweiterungen der Infrastruktur, Datenstrukturen und IT-Sicherheit sehr schnell in Vergessenheit geraten.<\/p>\n\n\n\n<div class=\"wp-block-media-text alignwide is-stacked-on-mobile\" style=\"grid-template-columns:15% auto\"><figure class=\"wp-block-media-text__media\"><img loading=\"lazy\" decoding=\"async\" width=\"187\" height=\"310\" src=\"https:\/\/coguna.de\/wp-content\/uploads\/2020\/12\/Klammer.png\" alt=\"\" class=\"wp-image-103 size-full\" srcset=\"https:\/\/coguna.de\/wp-content\/uploads\/2020\/12\/Klammer.png 187w, https:\/\/coguna.de\/wp-content\/uploads\/2020\/12\/Klammer-181x300.png 181w\" sizes=\"auto, (max-width: 187px) 100vw, 187px\" \/><\/figure><div class=\"wp-block-media-text__content\">\n<p>Noch nie war es so einfach wie heute, gro\u00dfe Informationsmengen auf kleinstem Raum zu spreichern. Doch die Sicherheit kommt dabei oft zu kurz. Viele Unternehmen sparen an der falschen Stelle. Ein gro\u00dfes Risiko entsteht vor allem durch den Einsatz von mobilen Ger\u00e4ten wie Tablet-Computer und Smartphones. Aber nicht nur der Schutz von externen Daten ist wichtig. Auch innerhalb des Unternehmens bestehen Gefahren.<\/p>\n<\/div><\/div>\n\n\n\n<p class=\"has-text-align-left\">Daher brauchen Firmen eine ausgereifte Sicherheitsstrategie. Genau hier m\u00f6chte CoGuNa mit einer gezielten Unternehmensanlyse ansetzen, die Risiken ihres Unternehmens zu minimieren. Meist ist es m\u00f6glich, 80% des Risikos mit einem geringen Kostenaufwand abzufangen. Die Basis f\u00fcr ein gesch\u00fctztes System ist, neben einer prof. Virenschutzl\u00f6sung, genauso die Aktualisierung der Betriebssysteme und der Applikationen. Regelm\u00e4\u00dfige Wartung und damit Vermeidung von Sicherheitsl\u00fccken ist die notwendige Basis um ihre Unternehmensdaten \/ Ihr Unternehmen zu sch\u00fctzen.<br><\/p>\n\n\n\n<div class=\"wp-block-media-text alignwide has-media-on-the-right is-stacked-on-mobile is-vertically-aligned-center\" style=\"grid-template-columns:auto 27%\"><figure class=\"wp-block-media-text__media\"><img loading=\"lazy\" decoding=\"async\" width=\"310\" height=\"310\" src=\"https:\/\/coguna.de\/wp-content\/uploads\/2020\/12\/Tacker.png\" alt=\"\" class=\"wp-image-21 size-full\" srcset=\"https:\/\/coguna.de\/wp-content\/uploads\/2020\/12\/Tacker.png 310w, https:\/\/coguna.de\/wp-content\/uploads\/2020\/12\/Tacker-300x300.png 300w, https:\/\/coguna.de\/wp-content\/uploads\/2020\/12\/Tacker-150x150.png 150w\" sizes=\"auto, (max-width: 310px) 100vw, 310px\" \/><\/figure><div class=\"wp-block-media-text__content\">\n<p style=\"text-align: left;\">Daher brauchen Firmen eine ausgereifte Sicherheitsstrategie. Genau hier m\u00f6chte CoGuNa mit einer gezielten Unternehmensanlyse ansetzen, die Risiken ihres Unternehmens zu minimieren. Meist ist es m\u00f6glich, 80% des Risikos mit einem geringen Kostenaufwand abzufangen. Die Basis f\u00fcr ein gesch\u00fctztes System ist, neben einer prof. Virenschutzl\u00f6sung, genauso die Aktualisierung der Betriebssysteme und der Applikationen. Regelm\u00e4\u00dfige Wartung und damit Vermeidung von Sicherheitsl\u00fccken ist die notwendige Basis um ihre Unternehmensdaten \/ Ihr Unternehmen zu sch\u00fctzen.<\/p>\n<\/div><\/div>\n\n\n\n<h2 class=\"wp-block-heading\">Analyse<\/h2>\n\n\n\n<p>Unterschiedliche Anforderungen erfordern unterschiedliche L\u00f6sungswege. Eine IT-L\u00f6sung &#8222;von der Stange&#8220; ist auf den kleinsten gemeinsamen Nenner aller m\u00f6glichen Anforderungen konzipiert. Spezielle Anforderungen, die sich aus einem besonderen Ablauf ergeben, werden nicht ber\u00fccksichtigt. Ein individuelles IT-Konzept ist in das Organisations- und Produktionsschema des Anwenders integriert. Denn die IT soll die t\u00e4gliche Arbeit erleichtern und Standardverrichtungen vereinfachen &#8211; nicht erschweren.&nbsp;<\/p>\n\n\n\n<div class=\"wp-block-media-text alignwide is-stacked-on-mobile\" style=\"grid-template-columns:38% auto\"><figure class=\"wp-block-media-text__media\"><img loading=\"lazy\" decoding=\"async\" width=\"310\" height=\"310\" src=\"https:\/\/coguna.de\/wp-content\/uploads\/2020\/12\/Drucker2.png\" alt=\"\" class=\"wp-image-23 size-full\" srcset=\"https:\/\/coguna.de\/wp-content\/uploads\/2020\/12\/Drucker2.png 310w, https:\/\/coguna.de\/wp-content\/uploads\/2020\/12\/Drucker2-300x300.png 300w, https:\/\/coguna.de\/wp-content\/uploads\/2020\/12\/Drucker2-150x150.png 150w\" sizes=\"auto, (max-width: 310px) 100vw, 310px\" \/><\/figure><div class=\"wp-block-media-text__content\">\n<p>Um eine ma\u00dfgeschneiderte Anwendung zu erstellen, muss zun\u00e4chst einer detaillierten Ist-Aufnahme ein exaktes Soll-Konzept gegen\u00fcbergestellt werden. Die zu integrierenden Arbeitsabl\u00e4ufe werden in allen Einzelheiten beschrieben, es wird aufgelistet, wann welche Daten in welcher Form anfallen (und wann sie wieder in welcher Form von wem gebraucht werden), eventuelle vorhandene Hard- und Software muss erfasst und auf ihre zuk\u00fcnftige Verwendbarkeit gepr\u00fcft werden. Auf der anderen Seite steht der &#8222;Wunschzettel&#8220; des Anwenders: Welche Abl\u00e4ufe sollen erleichtert werden? Welche Daten sollen erfasst\/ermittelt\/ausgegeben werden? An dieser Stelle stellt sich oft auch die Frage, ob organisatorische Abl\u00e4ufe durch die IT-Anbindung so weit vereinfacht w\u00fcrden, dass sich wom\u00f6glich eine \u00c4nderung der Abl\u00e4ufe selbst ergibt.\u00a0<\/p>\n<\/div><\/div>\n\n\n\n<p><\/p>\n\n\n\n<h2 class=\"wp-block-heading\">Beratung<\/h2>\n\n\n\n<p>Eine Investition will gut bedacht sein. Viele Faktoren spielen eine Rolle: Qualit\u00e4t und Preis, Wirtschaftlichkeit und Lebensdauer, Funktionssicherheit und Bedienerfreundlichkeit und vieles anderes mehr. Hier eine objektive Entscheidung bei der Auswahl unter mehreren Produkten zu treffen, ist schwierig und verlangt einiges an Sachkenntnis. In der IT sind die Produkte &#8211; sowohl im Hardware- als auch im Softwarebereich &#8211; inzwischen auf einem technischen Niveau angelangt, auf dem der sogenannte gesunde Menschenverstand als Auswahlkriterium nicht mehr ausreicht. Hier ist Expertenwissen gefragt.<\/p>\n","protected":false},"excerpt":{"rendered":"<p>Leistungen Websites \/ eCommerce Pr\u00e4sentieren Sie sich verkaufsf\u00f6rdernd im Internet. Zeigen Sie die St\u00e4rken Ihres Unternehmens in Wort und Bild. Die eigene Website wird immer mehr zum Aush\u00e4ngeschild Ihres Unternehmens. Starten Sie mit einen professionellen Internetauftritt, fair und anspruchsvoll.Sie wollen mit Ihrem Unternehmen ins Internet. Wir zeigen Ihnen den Weg. IT-Sicherheit Heutzutage arbeitet fast jedes [&hellip;]<\/p>\n","protected":false},"author":1,"featured_media":7,"parent":0,"menu_order":1,"comment_status":"closed","ping_status":"closed","template":"","meta":{"footnotes":""},"class_list":["post-10","page","type-page","status-publish","has-post-thumbnail","hentry","post","post-with-thumbnail","post-with-thumbnail-large"],"_links":{"self":[{"href":"https:\/\/coguna.de\/index.php?rest_route=\/wp\/v2\/pages\/10","targetHints":{"allow":["GET"]}}],"collection":[{"href":"https:\/\/coguna.de\/index.php?rest_route=\/wp\/v2\/pages"}],"about":[{"href":"https:\/\/coguna.de\/index.php?rest_route=\/wp\/v2\/types\/page"}],"author":[{"embeddable":true,"href":"https:\/\/coguna.de\/index.php?rest_route=\/wp\/v2\/users\/1"}],"replies":[{"embeddable":true,"href":"https:\/\/coguna.de\/index.php?rest_route=%2Fwp%2Fv2%2Fcomments&post=10"}],"version-history":[{"count":10,"href":"https:\/\/coguna.de\/index.php?rest_route=\/wp\/v2\/pages\/10\/revisions"}],"predecessor-version":[{"id":146,"href":"https:\/\/coguna.de\/index.php?rest_route=\/wp\/v2\/pages\/10\/revisions\/146"}],"wp:featuredmedia":[{"embeddable":true,"href":"https:\/\/coguna.de\/index.php?rest_route=\/wp\/v2\/media\/7"}],"wp:attachment":[{"href":"https:\/\/coguna.de\/index.php?rest_route=%2Fwp%2Fv2%2Fmedia&parent=10"}],"curies":[{"name":"wp","href":"https:\/\/api.w.org\/{rel}","templated":true}]}}