{"id":14,"date":"2020-12-19T08:26:11","date_gmt":"2020-12-19T08:26:11","guid":{"rendered":"http:\/\/coguna.de\/?page_id=14"},"modified":"2020-12-20T10:49:28","modified_gmt":"2020-12-20T10:49:28","slug":"service","status":"publish","type":"page","link":"https:\/\/coguna.de\/?page_id=14","title":{"rendered":"Service"},"content":{"rendered":"\n<p>Unser Service zeichnet sich vor allem durch flexible Wartungs- und Dienstleistungsvertr\u00e4ge, sehr kurze Reaktionszeiten und zuverl\u00e4ssiges Managed-Monitoring aus.<\/p>\n\n\n\n<p>\u201ePers\u00f6nlich und aus einer Hand\u201c sind wir Ihr Full-Service-Ansprechpartner f\u00fcr professionelle L\u00f6sungen im IT-Bereich.<\/p>\n\n\n\n<div class=\"wp-block-media-text alignwide is-stacked-on-mobile\" style=\"grid-template-columns:34% auto\"><figure class=\"wp-block-media-text__media\"><img loading=\"lazy\" decoding=\"async\" width=\"910\" height=\"473\" src=\"https:\/\/coguna.de\/wp-content\/uploads\/2020\/12\/support.png\" alt=\"\" class=\"wp-image-24 size-full\" srcset=\"https:\/\/coguna.de\/wp-content\/uploads\/2020\/12\/support.png 910w, https:\/\/coguna.de\/wp-content\/uploads\/2020\/12\/support-300x156.png 300w, https:\/\/coguna.de\/wp-content\/uploads\/2020\/12\/support-768x399.png 768w\" sizes=\"auto, (max-width: 910px) 100vw, 910px\" \/><\/figure><div class=\"wp-block-media-text__content\">\n<p>Unsere erfahrenen Mitarbeiter unterst\u00fctzen Sie zuverl\u00e4ssig bei der Realisierung Ihrer Ziele und Anforderungen. Auf die individuellen Bed\u00fcrfnisse von Unternehmen zugeschnitten, beraten Sie unsere Mitarbeiter prozessorientiert und herstellerunabh\u00e4ngig. Dabei stehen h\u00f6chste Qualit\u00e4t, nachhaltiger Service und der pers\u00f6nliche Kontakt im Vordergrund.<\/p>\n<p>Wir legen Wert auf Individualit\u00e4t und bieten Ihnen einen absolut auf Ihre Bed\u00fcrfnisse abgestimmten Service an.<\/p>\n\n\n\n<p><\/p>\n<\/div><\/div>\n\n\n\n<p><\/p>\n","protected":false},"excerpt":{"rendered":"<p>Unser Service zeichnet sich vor allem durch flexible Wartungs- und Dienstleistungsvertr\u00e4ge, sehr kurze Reaktionszeiten und zuverl\u00e4ssiges Managed-Monitoring aus. \u201ePers\u00f6nlich und aus einer Hand\u201c sind wir Ihr Full-Service-Ansprechpartner f\u00fcr professionelle L\u00f6sungen im IT-Bereich.<\/p>\n","protected":false},"author":1,"featured_media":9,"parent":0,"menu_order":2,"comment_status":"closed","ping_status":"closed","template":"","meta":{"footnotes":""},"class_list":["post-14","page","type-page","status-publish","has-post-thumbnail","hentry","post","post-with-thumbnail","post-with-thumbnail-large"],"_links":{"self":[{"href":"https:\/\/coguna.de\/index.php?rest_route=\/wp\/v2\/pages\/14","targetHints":{"allow":["GET"]}}],"collection":[{"href":"https:\/\/coguna.de\/index.php?rest_route=\/wp\/v2\/pages"}],"about":[{"href":"https:\/\/coguna.de\/index.php?rest_route=\/wp\/v2\/types\/page"}],"author":[{"embeddable":true,"href":"https:\/\/coguna.de\/index.php?rest_route=\/wp\/v2\/users\/1"}],"replies":[{"embeddable":true,"href":"https:\/\/coguna.de\/index.php?rest_route=%2Fwp%2Fv2%2Fcomments&post=14"}],"version-history":[{"count":11,"href":"https:\/\/coguna.de\/index.php?rest_route=\/wp\/v2\/pages\/14\/revisions"}],"predecessor-version":[{"id":96,"href":"https:\/\/coguna.de\/index.php?rest_route=\/wp\/v2\/pages\/14\/revisions\/96"}],"wp:featuredmedia":[{"embeddable":true,"href":"https:\/\/coguna.de\/index.php?rest_route=\/wp\/v2\/media\/9"}],"wp:attachment":[{"href":"https:\/\/coguna.de\/index.php?rest_route=%2Fwp%2Fv2%2Fmedia&parent=14"}],"curies":[{"name":"wp","href":"https:\/\/api.w.org\/{rel}","templated":true}]}}