{"id":4,"date":"2020-12-18T20:18:47","date_gmt":"2020-12-18T20:18:47","guid":{"rendered":"http:\/\/coguna.de\/willkommen-auf-http-coguna-de"},"modified":"2021-01-16T13:45:05","modified_gmt":"2021-01-16T13:45:05","slug":"willkommen-auf-http-coguna-de","status":"publish","type":"page","link":"https:\/\/coguna.de\/","title":{"rendered":"Willkommen bei CoGuNa"},"content":{"rendered":"\n<p>Die Firma CoGuNa Computerservice besteht seit 1993 als unabh\u00e4ngiges Systemhaus.<\/p>\n\n\n\n<p>Bei uns steht Ihnen ein kleines Team von Spezialisten zur Verf\u00fcgung, die \u00fcber alle Neuentwicklungen bestens informiert sind und Sie bei Ihren Probleml\u00f6sungen schnell und professionell unterst\u00fctzen. Kurze Wege in der Kommunikation untereinander, wie auch im Kontakt zum Kunden sind ein wichtiger Grundstein unserer Arbeit. Die Mitarbeiter arbeiten eng zusammen, um jederzeit flexibel auf alle Anforderungen reagieren zu k\u00f6nnen.<\/p>\n\n\n\n<p>Wir legen Wert auf Individualit\u00e4t und bieten Ihnen einen absolut auf Ihre Bed\u00fcrfnisse abgestimmten Service an.<\/p>\n\n\n\n<p>Unser Service geht wirklich rund um die Uhr &#8211; wir arbeiten f\u00fcr Sie auch an den Tagen, an denen Ihr Betrieb feiert, damit keine kostspieligen Arbeitsunterbrechungen entstehen.<\/p>\n\n\n\n<h2 class=\"wp-block-heading\">Unsere Schwerpunkte<\/h2>\n\n\n\n<ol class=\"wp-block-list\"><li>Beratung<br>Eine Investition will gut bedacht sein. Viele Faktoren spielen eine Rolle: Qualit\u00e4t und Preis, Wirtschaftlichkeit und Lebensdauer, Funktionssicherheit und Bediener-freundlichkeit und vieles anderes mehr.<br><\/li><li>Web-Design<br>Pr\u00e4sentieren Sie sich verkaufsf\u00f6rdernd im Internet. Zeigen Sie die St\u00e4rken Ihres Unternehmens in Wort und Bild. Die eigene Website wird immer mehr zum Aush\u00e4ngeschild Ihres Unternehmens.\u00a0<\/li><\/ol>\n\n\n\n<div class=\"wp-block-media-text alignwide is-stacked-on-mobile\" style=\"grid-template-columns:42% auto\"><figure class=\"wp-block-media-text__media\"><img loading=\"lazy\" decoding=\"async\" width=\"500\" height=\"250\" src=\"https:\/\/coguna.de\/wp-content\/uploads\/2020\/12\/Sicherheit1.png\" alt=\"\" class=\"wp-image-104 size-full\" srcset=\"https:\/\/coguna.de\/wp-content\/uploads\/2020\/12\/Sicherheit1.png 500w, https:\/\/coguna.de\/wp-content\/uploads\/2020\/12\/Sicherheit1-300x150.png 300w\" sizes=\"auto, (max-width: 500px) 100vw, 500px\" \/><\/figure><div class=\"wp-block-media-text__content\">\n<p><\/p>\n\n\n\n<p>3. IT-Sicherheit<br>Heutzutage arbeitet fast jedes Unternehmen mit Computer. Funktionen wie E-Mail und Internet sind mittlerweile selbstverst\u00e4ndlich. Themen wie Erweiterungen der Infrastruktur, und IT-Sicherheit geraten leider dabei sehr schnell in Vergessenheit.<\/p>\n<\/div><\/div>\n","protected":false},"excerpt":{"rendered":"<p>Die Firma CoGuNa Computerservice besteht seit 1993 als unabh\u00e4ngiges Systemhaus. Bei uns steht Ihnen ein kleines Team von Spezialisten zur Verf\u00fcgung, die \u00fcber alle Neuentwicklungen bestens informiert sind und Sie bei Ihren Probleml\u00f6sungen schnell und professionell unterst\u00fctzen. Kurze Wege in der Kommunikation untereinander, wie auch im Kontakt zum Kunden sind ein wichtiger Grundstein unserer Arbeit. [&hellip;]<\/p>\n","protected":false},"author":1,"featured_media":6,"parent":0,"menu_order":0,"comment_status":"closed","ping_status":"open","template":"","meta":{"footnotes":""},"class_list":["post-4","page","type-page","status-publish","has-post-thumbnail","hentry","post","post-with-thumbnail","post-with-thumbnail-large"],"_links":{"self":[{"href":"https:\/\/coguna.de\/index.php?rest_route=\/wp\/v2\/pages\/4","targetHints":{"allow":["GET"]}}],"collection":[{"href":"https:\/\/coguna.de\/index.php?rest_route=\/wp\/v2\/pages"}],"about":[{"href":"https:\/\/coguna.de\/index.php?rest_route=\/wp\/v2\/types\/page"}],"author":[{"embeddable":true,"href":"https:\/\/coguna.de\/index.php?rest_route=\/wp\/v2\/users\/1"}],"replies":[{"embeddable":true,"href":"https:\/\/coguna.de\/index.php?rest_route=%2Fwp%2Fv2%2Fcomments&post=4"}],"version-history":[{"count":8,"href":"https:\/\/coguna.de\/index.php?rest_route=\/wp\/v2\/pages\/4\/revisions"}],"predecessor-version":[{"id":137,"href":"https:\/\/coguna.de\/index.php?rest_route=\/wp\/v2\/pages\/4\/revisions\/137"}],"wp:featuredmedia":[{"embeddable":true,"href":"https:\/\/coguna.de\/index.php?rest_route=\/wp\/v2\/media\/6"}],"wp:attachment":[{"href":"https:\/\/coguna.de\/index.php?rest_route=%2Fwp%2Fv2%2Fmedia&parent=4"}],"curies":[{"name":"wp","href":"https:\/\/api.w.org\/{rel}","templated":true}]}}